{"id":237,"date":"2026-04-17T12:15:50","date_gmt":"2026-04-17T10:15:50","guid":{"rendered":"http:\/\/sms-soft.de\/imprint\/"},"modified":"2026-04-20T19:36:16","modified_gmt":"2026-04-20T17:36:16","slug":"imprint","status":"publish","type":"page","link":"http:\/\/sms-soft.de\/de_de\/imprint\/","title":{"rendered":"Impressum"},"content":{"rendered":"<!-- Legal document generated by Complianz | GDPR\/CCPA Cookie Consent https:\/\/wordpress.org\/plugins\/complianz-gdpr -->\n<div id=\"cmplz-document\" class=\"cmplz-document impressum cmplz-document-all\"><p><i>Dieses Impressum wurde zuletzt am April 17, 2026 aktualisiert.<\/i><\/p><p class=\"cmplz-subtitle\">Der Eigent\u00fcmer dieser Website ist:<\/p><p>SMS-Soft Kft. Korl\u00e1tolt Felel\u0151ss\u00e9g\u0171 T\u00e1rsas\u00e1g<br>8291 Nagyv\u00e1zsony, Csokonai utca 34.<br>Ungarn<br>E-Mail:&nbsp;<span class=\"cmplz-obfuscate\">info@<span class=\"cmplz-fmail-domain\">e&#120;.co&#109;<\/span>s&#109;&#115;&#045;s&#111;&#102;&#116;.&#104;&#117;<\/span><br>Telefonnummer: +49 174 23 96 496<br>USt-IdNr:&nbsp;25488555219<\/p><h2>1. Allgemein<\/h2><p>Wir sind nicht bereit oder verpflichtet, an Streitbeilegungsverfahren vor einer Verbraucherschlichtungsstelle teilzunehmen.<\/p><\/div>","protected":false},"excerpt":{"rendered":"","protected":false},"author":2,"featured_media":0,"parent":0,"menu_order":0,"comment_status":"closed","ping_status":"closed","template":"","meta":{"footnotes":""},"class_list":["post-237","page","type-page","status-publish","hentry"],"_links":{"self":[{"href":"http:\/\/sms-soft.de\/de_de\/wp-json\/wp\/v2\/pages\/237","targetHints":{"allow":["GET"]}}],"collection":[{"href":"http:\/\/sms-soft.de\/de_de\/wp-json\/wp\/v2\/pages"}],"about":[{"href":"http:\/\/sms-soft.de\/de_de\/wp-json\/wp\/v2\/types\/page"}],"author":[{"embeddable":true,"href":"http:\/\/sms-soft.de\/de_de\/wp-json\/wp\/v2\/users\/2"}],"replies":[{"embeddable":true,"href":"http:\/\/sms-soft.de\/de_de\/wp-json\/wp\/v2\/comments?post=237"}],"version-history":[{"count":1,"href":"http:\/\/sms-soft.de\/de_de\/wp-json\/wp\/v2\/pages\/237\/revisions"}],"predecessor-version":[{"id":276,"href":"http:\/\/sms-soft.de\/de_de\/wp-json\/wp\/v2\/pages\/237\/revisions\/276"}],"wp:attachment":[{"href":"http:\/\/sms-soft.de\/de_de\/wp-json\/wp\/v2\/media?parent=237"}],"curies":[{"name":"wp","href":"https:\/\/api.w.org\/{rel}","templated":true}]}}