{"id":237,"date":"2026-04-17T12:15:50","date_gmt":"2026-04-17T10:15:50","guid":{"rendered":"http:\/\/sms-soft.de\/imprint\/"},"modified":"2026-04-20T19:36:16","modified_gmt":"2026-04-20T17:36:16","slug":"imprint","status":"publish","type":"page","link":"http:\/\/sms-soft.de\/en_gb\/imprint\/","title":{"rendered":"Imprint"},"content":{"rendered":"<!-- Legal document generated by Complianz | GDPR\/CCPA Cookie Consent https:\/\/wordpress.org\/plugins\/complianz-gdpr -->\n<div id=\"cmplz-document\" class=\"cmplz-document impressum cmplz-document-all\"><p><i>This imprint was last updated on April 17, 2026.<\/i><\/p><p class=\"cmplz-subtitle\">The owner of this website is:<\/p><p>SMS-Soft Kft. Korl\u00e1tolt Felel\u0151ss\u00e9g\u0171 T\u00e1rsas\u00e1g<br>8291 Nagyv\u00e1zsony, Csokonai utca 34.<br>Hungary<br>Email:&nbsp;<span class=\"cmplz-obfuscate\">in&#102;&#111;@<span class=\"cmplz-fmail-domain\">e&#120;.&#099;&#111;&#109;<\/span>s&#109;s&#045;s&#111;&#102;&#116;.&#104;u<\/span><br>Phone number: +49 174 23 96 496<br>VAT ID:&nbsp;25488555219<\/p><h2>1. General<\/h2><p>We are not willing or obliged to participate in dispute resolution procedures before a consumer arbitration board.<\/p><\/div>","protected":false},"excerpt":{"rendered":"","protected":false},"author":2,"featured_media":0,"parent":0,"menu_order":0,"comment_status":"closed","ping_status":"closed","template":"","meta":{"footnotes":""},"class_list":["post-237","page","type-page","status-publish","hentry"],"_links":{"self":[{"href":"http:\/\/sms-soft.de\/en_gb\/wp-json\/wp\/v2\/pages\/237","targetHints":{"allow":["GET"]}}],"collection":[{"href":"http:\/\/sms-soft.de\/en_gb\/wp-json\/wp\/v2\/pages"}],"about":[{"href":"http:\/\/sms-soft.de\/en_gb\/wp-json\/wp\/v2\/types\/page"}],"author":[{"embeddable":true,"href":"http:\/\/sms-soft.de\/en_gb\/wp-json\/wp\/v2\/users\/2"}],"replies":[{"embeddable":true,"href":"http:\/\/sms-soft.de\/en_gb\/wp-json\/wp\/v2\/comments?post=237"}],"version-history":[{"count":1,"href":"http:\/\/sms-soft.de\/en_gb\/wp-json\/wp\/v2\/pages\/237\/revisions"}],"predecessor-version":[{"id":276,"href":"http:\/\/sms-soft.de\/en_gb\/wp-json\/wp\/v2\/pages\/237\/revisions\/276"}],"wp:attachment":[{"href":"http:\/\/sms-soft.de\/en_gb\/wp-json\/wp\/v2\/media?parent=237"}],"curies":[{"name":"wp","href":"https:\/\/api.w.org\/{rel}","templated":true}]}}